{"id":64,"date":"2025-05-02T22:46:21","date_gmt":"2025-05-02T20:46:21","guid":{"rendered":"https:\/\/tilc.fr\/?page_id=64"},"modified":"2025-06-16T11:35:32","modified_gmt":"2025-06-16T09:35:32","slug":"consulting","status":"publish","type":"page","link":"https:\/\/tilc.fr\/index.php\/consulting\/","title":{"rendered":"Consulting"},"content":{"rendered":"<p>TILC propose aux structures de valorisation une approche sp\u00e9cifique du transfert par le logiciel, ceci tout au long de son cycle de vie. TILC propose un suivi sur le long terme de la mise en place d\u2019une strat\u00e9gie de transfert.<\/p>\n<h2>D\u00e9tecter<\/h2>\n<p>Bas\u00e9 sur un ensemble de grilles d\u2019analyses, TILC vous assiste dans la cartographie et la premi\u00e8re qualification de l\u2019ensemble des logiciels d\u2019un laboratoire ou d\u2019un \u00e9tablissement tout entier. Les logiciels \u00e0 fort potentiel de cr\u00e9ation de valeur sont identifi\u00e9s.<\/p>\n<h2>Qualifier une opportunit\u00e9, d\u00e9finir et mettre en \u0153uvre une strat\u00e9gie de transfert<\/h2>\n<p>TILC vous accompagne sur la d\u00e9finition de strat\u00e9gie fine de licences, en sachant bien utiliser le logiciel libre.<br \/>\nTILC intervient lors de la cr\u00e9ation d\u2019entreprise ou lors de licence vers des entreprises existantes. TILC analyse l\u2019ad\u00e9quation entre le logiciel et le projet de transfert. Des business plan sont \u00e9tablis selon les diff\u00e9rents modes d\u2019exploitation (distribution \u00e0 valeur ajout\u00e9e sous licence libre, opencore, SaaS, vente de licences, service outill\u00e9, etc.)<\/p>\n<h2>Software Compliance<\/h2>\n<p>TILC effectue la SCA (Softwate Component Analysis) d&#8217;un logiciel. TILC \u00e9tablit la situation juridique en \u00e9tablissant la SBOM (Software Bill of Material) d&#8217;un logiciel, selon le standard demand\u00e9 (SPDX, CycloneDX, SWHID, Purl). Chaque composant est identifi\u00e9 ainsi que sa licence et ses auteurs. TILC ma\u00eetrise les m\u00e9thodes et outils d\u2019aide \u00e0 l\u2019analyse juridique de logiciels (les outils du projet AboutCode, Fossology, Hermine, graphe de d\u00e9pendance de GIT, etc).<\/p>\n<h2>Audit de conformit\u00e9 au CRA (Cyber Resilence Act)<\/h2>\n<p>TILC met ses comp\u00e9tences \u00e0 disposition pour l&#8217;\u00e9tude de conformit\u00e9 au CRA, dont la date de mise en oeuvre commence d\u00e8s 2026.<\/p>\n","protected":false},"excerpt":{"rendered":"<p>TILC propose aux structures de valorisation une approche sp\u00e9cifique du transfert par le logiciel, ceci tout au long de son cycle de vie. TILC propose un suivi sur le long terme de la mise en place d\u2019une strat\u00e9gie de transfert. D\u00e9tecter Bas\u00e9 sur un ensemble de grilles d\u2019analyses, TILC vous assiste dans la cartographie et [&hellip;]<\/p>\n","protected":false},"author":1,"featured_media":0,"parent":0,"menu_order":0,"comment_status":"closed","ping_status":"closed","template":"","meta":{"_themeisle_gutenberg_block_has_review":false,"footnotes":""},"class_list":["post-64","page","type-page","status-publish","hentry"],"_links":{"self":[{"href":"https:\/\/tilc.fr\/index.php\/wp-json\/wp\/v2\/pages\/64","targetHints":{"allow":["GET"]}}],"collection":[{"href":"https:\/\/tilc.fr\/index.php\/wp-json\/wp\/v2\/pages"}],"about":[{"href":"https:\/\/tilc.fr\/index.php\/wp-json\/wp\/v2\/types\/page"}],"author":[{"embeddable":true,"href":"https:\/\/tilc.fr\/index.php\/wp-json\/wp\/v2\/users\/1"}],"replies":[{"embeddable":true,"href":"https:\/\/tilc.fr\/index.php\/wp-json\/wp\/v2\/comments?post=64"}],"version-history":[{"count":6,"href":"https:\/\/tilc.fr\/index.php\/wp-json\/wp\/v2\/pages\/64\/revisions"}],"predecessor-version":[{"id":149,"href":"https:\/\/tilc.fr\/index.php\/wp-json\/wp\/v2\/pages\/64\/revisions\/149"}],"wp:attachment":[{"href":"https:\/\/tilc.fr\/index.php\/wp-json\/wp\/v2\/media?parent=64"}],"curies":[{"name":"wp","href":"https:\/\/api.w.org\/{rel}","templated":true}]}}