{"id":51,"date":"2025-05-02T15:14:40","date_gmt":"2025-05-02T13:14:40","guid":{"rendered":"https:\/\/tilc.fr\/?page_id=51"},"modified":"2025-06-16T11:44:24","modified_gmt":"2025-06-16T09:44:24","slug":"training","status":"publish","type":"page","link":"https:\/\/tilc.fr\/index.php\/training\/","title":{"rendered":"Training"},"content":{"rendered":"<p>TILC propose un ensemble de formations sur le logiciel. Ces formations sont principalement \u00e0 destination des charg\u00e9s de valorisation encore appel\u00e9s  TTO (Technology Transfer Officer) et \u00e9galement \u00e0 destination des avocats et juristes PI. Certaines de ces formations peuvent int\u00e9resser les d\u00e9cideurs au sein des entreprises pour se doter d\u2019une culture logicielle permettant d\u2019enrichir leur vision strat\u00e9gique et op\u00e9rationnelle.<\/p>\n<p>Ces formations vont de l\u2019action de sensibilisation \u00e0 l\u2019acquisition d\u2019expertises :<\/p>\n<li>Transf\u00e9rer ses logiciels<\/li>\n<li>Strat\u00e9gies de choix de licence<\/li>\n<li>Formations sur mesure<\/li>\n<li>Formation \u00e0 destination des laboratoires<\/li>\n<h2>Transf\u00e9rer ses logiciels<\/h2>\n<h4>Objectif p\u00e9dagogique :<\/h4>\n<p>Cette formation effectu\u00e9e dans le cadre du R\u00e9seau C.U.R.I.E. a pour objectif de comprendre les sp\u00e9cificit\u00e9s du transfert de technologie appliqu\u00e9 au logiciel, d\u2019explorer les diff\u00e9rentes voies de transfert, en consid\u00e9rant notamment le logiciel libre comme un objet de transfert. A la fin de la formation, le stagiaire sera capable d\u2019\u00e9tablir une strat\u00e9gie fine de protection et de valorisation de logiciels.<\/p>\n<h4>Pr\u00e9requis recommand\u00e9 :<\/h4>\n<p>Droit du logiciel.<\/p>\n<h4>Plan :<\/h4>\n<p>    &#8211; C\u2019est quoi un logiciel ?<br \/>\n    &#8211; Compr\u00e9hension du cycle de production d\u2019un logiciel<br \/>\n    &#8211; Le droit d\u2019auteur et la protection des logiciels<br \/>\n    &#8211; Le logiciel libre<br \/>\n    &#8211; L\u2019exploitation des logiciels<br \/>\n    &#8211; Choix de la licence et faisabilit\u00e9 de ces choix<br \/>\n    &#8211; Clauses contractuelles<br \/>\n    &#8211; Les bons r\u00e9flexes du\/de la charg\u00e9(e) d\u2019affaires<br \/>\n    &#8211; Etudes de cas : choix de licence, cr\u00e9ation de valeur \u00e0 partir de logiciel sous licence libre et licence vers une cr\u00e9ation de start-up<\/p>\n<h2>Strat\u00e9gies de choix de licence<\/h2>\n<h4>Objectif p\u00e9dagogique :<\/h4>\n<p>D\u00e9velopper des comp\u00e9tences permettant une s\u00e9lection fine et motiv\u00e9e de licence d\u2019un logiciel.<\/p>\n<h4>Pr\u00e9requis recommand\u00e9 :<\/h4>\n<p>Conna\u00eetre les bases du logiciel libre, pour mieux appr\u00e9hender les contraintes de compatibilit\u00e9 de licence et pour mesurer les enjeux strat\u00e9giques d\u2019un choix de licence libre.<\/p>\n<h4>Plan :<\/h4>\n<p>    &#8211; Les licences et leur impact<br \/>\n    &#8211; La m\u00e9thode propos\u00e9e: approche dichotomique entre l\u2019architecture et l\u2019intention vis\u00e9e<br \/>\n    &#8211; La faisabilit\u00e9 de ce choix<br \/>\n    &#8211; Etudes de cas<\/p>\n<h2>M\u00e9thodes et outils de SCA<\/h2>\n<p>\u00c0 l\u2019issue de cette formation, les participants seront capables de lire une SBOM et de conna\u00eetre et manipuler des outils d\u2019analyse de logiciel<\/p>\n<h2>Formations sur mesure<\/h2>\n<p>TILC est \u00e0 m\u00eame de proposer des formations et interventions sur mesure en fonction des enjeux et du contexte.<br \/>\nCes formations peuvent porter sur :<br \/>\n    &#8211; La protection,<br \/>\n    &#8211; La qualification pour le transfert,<br \/>\n    &#8211; Le montage de consortium acad\u00e9miques\/entreprises autour d\u2019un logiciel libre,<br \/>\n    &#8211; Les bons r\u00e9flexes du charg\u00e9 d\u2019affaires<\/p>\n<h2>Formation \u00e0 destination des laboratoires<\/h2>\n<p>TILC propose \u00e9galement des demi-journ\u00e9es de formation\/sensibilisation \u00e0 destination des chercheurs ou des ing\u00e9nieurs de d\u00e9veloppement sur la protection et la valorisation des logiciels.<\/p>\n","protected":false},"excerpt":{"rendered":"<p>TILC propose un ensemble de formations sur le logiciel. Ces formations sont principalement \u00e0 destination des charg\u00e9s de valorisation encore appel\u00e9s TTO (Technology Transfer Officer) et \u00e9galement \u00e0 destination des avocats et juristes PI. Certaines de ces formations peuvent int\u00e9resser les d\u00e9cideurs au sein des entreprises pour se doter d\u2019une culture logicielle permettant d\u2019enrichir leur [&hellip;]<\/p>\n","protected":false},"author":1,"featured_media":0,"parent":0,"menu_order":0,"comment_status":"closed","ping_status":"closed","template":"","meta":{"_themeisle_gutenberg_block_has_review":false,"footnotes":""},"class_list":["post-51","page","type-page","status-publish","hentry"],"_links":{"self":[{"href":"https:\/\/tilc.fr\/index.php\/wp-json\/wp\/v2\/pages\/51","targetHints":{"allow":["GET"]}}],"collection":[{"href":"https:\/\/tilc.fr\/index.php\/wp-json\/wp\/v2\/pages"}],"about":[{"href":"https:\/\/tilc.fr\/index.php\/wp-json\/wp\/v2\/types\/page"}],"author":[{"embeddable":true,"href":"https:\/\/tilc.fr\/index.php\/wp-json\/wp\/v2\/users\/1"}],"replies":[{"embeddable":true,"href":"https:\/\/tilc.fr\/index.php\/wp-json\/wp\/v2\/comments?post=51"}],"version-history":[{"count":4,"href":"https:\/\/tilc.fr\/index.php\/wp-json\/wp\/v2\/pages\/51\/revisions"}],"predecessor-version":[{"id":155,"href":"https:\/\/tilc.fr\/index.php\/wp-json\/wp\/v2\/pages\/51\/revisions\/155"}],"wp:attachment":[{"href":"https:\/\/tilc.fr\/index.php\/wp-json\/wp\/v2\/media?parent=51"}],"curies":[{"name":"wp","href":"https:\/\/api.w.org\/{rel}","templated":true}]}}