{"id":206,"date":"2020-02-24T14:01:31","date_gmt":"2020-02-24T14:01:31","guid":{"rendered":"https:\/\/demosites.io\/lawyers-gb\/?page_id=142"},"modified":"2025-06-16T19:47:59","modified_gmt":"2025-06-16T17:47:59","slug":"a02e5-homepage","status":"publish","type":"page","link":"https:\/\/tilc.fr\/","title":{"rendered":"TILC, la valorisation des logiciels"},"content":{"rendered":"\n<h2 class=\"wp-block-heading\">Mission<\/h2>\n\n\nLa mission de TILC est de participer \u00e0 l\u2019accroissement de la cr\u00e9ation de valeur par les logiciels issus de la recherche. L&#8217;objectif est de permettre l&#8217;am\u00e9lioration de la comp\u00e9titivit\u00e9 des entreprises en apportant de l&#8217;innovation en terme de produit, proc\u00e9d\u00e9 ou encore service.\n\n\n<h2 class=\"wp-block-heading\">Founder<\/h2>\n\n<div style=\"text-align: center;\">\n<img loading=\"lazy\" decoding=\"async\" src=\"https:\/\/tilc.fr\/wp-content\/uploads\/2025\/05\/23V0593copie.jpg\" width=\"300\" height=\"300\" \"alt\":\"Patrick Moreau de TILC\"> <\/img> <\/p>\n<\/div\">\n<!-- \/wp:post-content -->","protected":false},"excerpt":{"rendered":"<p>Mission La mission de TILC est de participer \u00e0 l\u2019accroissement de la cr\u00e9ation de valeur par les logiciels issus de la recherche. L&#8217;objectif est de permettre l&#8217;am\u00e9lioration de la comp\u00e9titivit\u00e9 des entreprises en apportant de l&#8217;innovation en terme de produit, proc\u00e9d\u00e9 ou encore service. Founder<\/p>\n","protected":false},"author":1,"featured_media":157,"parent":0,"menu_order":0,"comment_status":"closed","ping_status":"closed","template":"page-templates\/template-pagebuilder-full-width.php","meta":{"_themeisle_gutenberg_block_has_review":false,"footnotes":""},"class_list":["post-206","page","type-page","status-publish","has-post-thumbnail","hentry"],"_links":{"self":[{"href":"https:\/\/tilc.fr\/index.php\/wp-json\/wp\/v2\/pages\/206","targetHints":{"allow":["GET"]}}],"collection":[{"href":"https:\/\/tilc.fr\/index.php\/wp-json\/wp\/v2\/pages"}],"about":[{"href":"https:\/\/tilc.fr\/index.php\/wp-json\/wp\/v2\/types\/page"}],"author":[{"embeddable":true,"href":"https:\/\/tilc.fr\/index.php\/wp-json\/wp\/v2\/users\/1"}],"replies":[{"embeddable":true,"href":"https:\/\/tilc.fr\/index.php\/wp-json\/wp\/v2\/comments?post=206"}],"version-history":[{"count":12,"href":"https:\/\/tilc.fr\/index.php\/wp-json\/wp\/v2\/pages\/206\/revisions"}],"predecessor-version":[{"id":247,"href":"https:\/\/tilc.fr\/index.php\/wp-json\/wp\/v2\/pages\/206\/revisions\/247"}],"wp:featuredmedia":[{"embeddable":true,"href":"https:\/\/tilc.fr\/index.php\/wp-json\/wp\/v2\/media\/157"}],"wp:attachment":[{"href":"https:\/\/tilc.fr\/index.php\/wp-json\/wp\/v2\/media?parent=206"}],"curies":[{"name":"wp","href":"https:\/\/api.w.org\/{rel}","templated":true}]}}